{"id":42,"date":"2023-01-15T22:51:53","date_gmt":"2023-01-15T21:51:53","guid":{"rendered":"https:\/\/artgift.com.pl\/?product=hoodie-with-logo"},"modified":"2023-01-16T09:45:55","modified_gmt":"2023-01-16T08:45:55","slug":"hoodie-with-logo","status":"publish","type":"product","link":"https:\/\/artgift.com.pl\/?product=hoodie-with-logo","title":{"rendered":"Kalendarz Babci i Dziadka"},"content":{"rendered":"","protected":false},"excerpt":{"rendered":"<p>Drewniany kalendarz z grawerem. Mo\u017cliwo\u015b\u0107 personalizacji.<br \/>\nWymiary 35cm x 27cm<\/p>\n","protected":false},"featured_media":45,"comment_status":"open","ping_status":"closed","template":"","meta":[],"product_cat":[19],"product_tag":[],"class_list":{"0":"post-42","1":"product","2":"type-product","3":"status-publish","4":"has-post-thumbnail","6":"product_cat-kalendarze","8":"first","9":"instock","10":"shipping-taxable","11":"purchasable","12":"product-type-simple"},"_links":{"self":[{"href":"https:\/\/artgift.com.pl\/index.php?rest_route=\/wp\/v2\/product\/42","targetHints":{"allow":["GET"]}}],"collection":[{"href":"https:\/\/artgift.com.pl\/index.php?rest_route=\/wp\/v2\/product"}],"about":[{"href":"https:\/\/artgift.com.pl\/index.php?rest_route=\/wp\/v2\/types\/product"}],"replies":[{"embeddable":true,"href":"https:\/\/artgift.com.pl\/index.php?rest_route=%2Fwp%2Fv2%2Fcomments&post=42"}],"wp:featuredmedia":[{"embeddable":true,"href":"https:\/\/artgift.com.pl\/index.php?rest_route=\/wp\/v2\/media\/45"}],"wp:attachment":[{"href":"https:\/\/artgift.com.pl\/index.php?rest_route=%2Fwp%2Fv2%2Fmedia&parent=42"}],"wp:term":[{"taxonomy":"product_cat","embeddable":true,"href":"https:\/\/artgift.com.pl\/index.php?rest_route=%2Fwp%2Fv2%2Fproduct_cat&post=42"},{"taxonomy":"product_tag","embeddable":true,"href":"https:\/\/artgift.com.pl\/index.php?rest_route=%2Fwp%2Fv2%2Fproduct_tag&post=42"}],"curies":[{"name":"wp","href":"https:\/\/api.w.org\/{rel}","templated":true}]}}